{"id":10676,"date":"2025-01-13T15:08:17","date_gmt":"2025-01-13T18:08:17","guid":{"rendered":"https:\/\/catalogo.rcddistribuidora.com\/?post_type=product&#038;p=10676"},"modified":"2025-01-13T15:16:37","modified_gmt":"2025-01-13T18:16:37","slug":"titan-atf-4134","status":"publish","type":"product","link":"https:\/\/catalogo.rcddistribuidora.com\/?product=titan-atf-4134","title":{"rendered":"TITAN ATF 4134"},"content":{"rendered":"","protected":false},"excerpt":{"rendered":"<p>ATF de alt\u00edssimo desempenho, especialmente desenvolvido para otimizar o desempenho das mudan\u00e7as de marcha em transmiss\u00f5es autom\u00e1ticas Mercedes.<\/p>\n<p>Fluido de transmiss\u00e3o autom\u00e1tica de alt\u00edssimo desempenho de \u00faltima gera\u00e7\u00e3o. Especialmente desenvolvido para aumentar o conforto das mudan\u00e7as de marcha nas novas gera\u00e7\u00f5es de transmiss\u00f5es autom\u00e1ticas Mercedes-Benz-NAG2. TITAN ATF 4134 oferece excepcional potencial de economia de combust\u00edvel combinado \u00e0 uma maior estabilidade das caracter\u00edsticas de fric\u00e7\u00e3o.<\/p>\n<p><strong>Aplica\u00e7\u00e3o<\/strong><br \/>\nO TITAN ATF 4134 \u00e9 o fluido do primeiro enchimento na nova gera\u00e7\u00e3o de caixas de transmiss\u00e3o autom\u00e1ticas de 7 velocidades (designa\u00e7\u00e3o de modelo 722.9) Mercedes-Benz (NAG2). TITAN ATF 4134 \u00e9 formulado com aditivos modificadores de atrito e de prote\u00e7\u00e3o contra o desgaste necess\u00e1rios para garantir o correto funcionamento durante todo o tempo de vida \u00fatil da caixa de engrenagem. O TITAN ATF 4134 \u00e9 compat\u00edvel com produtos que atendem vers\u00f5es anteriores dos requisitos da aprova\u00e7\u00e3o MB 236.12 e os substitui em quase todas as aplica\u00e7\u00f5es (consulte as instru\u00e7\u00f5es no manual do fabricante). O TITAN ATF 4134 \u00e9 especialmente recomendado para melhoria not\u00e1vel da qualidade das mudan\u00e7as de marcha de transmiss\u00f5es de 5 velocidades com sistema de trava da embreagem do conversor de torque regulado para ve\u00edculos com tra\u00e7\u00e3o traseira (designa\u00e7\u00e3o do modelo 722.6). O TITAN ATF 4134 tamb\u00e9m \u00e9 adequado para o Chrysler Crossfire e outros ve\u00edculos que requerem o TITAN ATF 3353 ou um produto em conformidade com a APROVA\u00c7\u00c3O MB 236.14. O TITAN ATF 4134 \u00e9 misc\u00edvel e compat\u00edvel com os ATFs de marcas convencionais. No entanto, a mistura com outros ATFs deve ser evitada para aproveitar totalmente os benef\u00edcios do produto. Respectivamente, recomenda-se uma troca completa do \u00f3leo ao migrar para o TITAN ATF 4134. Para informa\u00e7\u00f5es sobre seguran\u00e7a e descarte adequado do produto, favor orientar-se pelas informa\u00e7\u00f5es presentes na embalagem e na FISPQ<\/p>\n<p><strong>Vantagens<\/strong><br \/>\n\u25aa \u00d3leos b\u00e1sicos selecionados, com alto IV (Grupo III plus).<br \/>\n\u25aa Excelentes propriedades de fluxo em baixas temperaturas.<br \/>\n\u25aa Como resultado do grau de viscosidade perfeitamente ajustado, o TITAN ATF 4134 oferece um not\u00e1vel potencial de economia no consumo de combust\u00edvel.<br \/>\n\u25aa O desempenho de fric\u00e7\u00e3o do TITAN ATF 4134 \u00e9 constante ao longo da vida \u00fatil, garantindo a perfeita opera\u00e7\u00e3o da embreagem.<br \/>\n\u25aa Extremamente resistente \u00e0 vibra\u00e7\u00e3o mesmo ap\u00f3s alta quilometragem e pode resolver problemas na mudan\u00e7a de marchas.<br \/>\n\u25aa Al\u00e9m disso, os aditivos garantem ao TITAN ATF 4134 estabilidade \u00e0 oxida\u00e7\u00e3o e ao envelhecimento.<br \/>\n\u25aa Pode ser utilizado como solucionador de problemas em caixas de c\u00e2mbio que apresentem conforto reduzido nas mudan\u00e7as de marcha.<\/p>\n<p><strong>Especifica\u00e7\u00f5es<\/strong><br \/>\n\u25aa &#8211;<\/p>\n<p><strong>Aprova\u00e7\u00f5es<\/strong><br \/>\n\u25aa Aprova\u00e7\u00e3o MB 236.14<br \/>\n\u25aa SSANG YOUNG (transmiss\u00f5es autom\u00e1ticas MB)<\/p>\n<p><strong>Recomenda\u00e7\u00f5es FUCHS<\/strong><br \/>\n\u25aa &#8211;<\/p>\n<p><strong>CARACTER\u00cdSTICAS T\u00cdPICAS<\/strong><br \/>\nDensidade \u00e0 15 \u00b0C\u00a0 \u00a0 \u00a0 \u00a0 \u00a0 \u00a0 \u00a0 \u00a0 \u00a0 \u00a0 \u00a0 \u00a0 \u00a0 \u00a0 \u00a0 \u00a0 \u00a0 \u00a0 \u00a0 \u00a0 \u00a0 \u00a0 \u00a0 \u00a0 \u00a0 DIN 51757\u00a0 \u00a0 \u00a0 \u00a0 \u00a0 \u00a0 \u00a0 \u00a0 \u00a0 \u00a0 \u00a0 \u00a0g\/ml\u00a0 \u00a0 \u00a0 \u00a0 \u00a0 \u00a0 \u00a0 \u00a0 0,848<br \/>\nViscosidade Cinem\u00e1tica \u00e0 40 \u00b0C\u00a0 \u00a0 \u00a0 \u00a0 \u00a0 \u00a0 \u00a0 \u00a0 \u00a0 \u00a0 \u00a0 \u00a0 \u00a0DIN 51562-1\u00a0 \u00a0 \u00a0 \u00a0 \u00a0 \u00a0 \u00a0 \u00a0 \u00a0 \u00a0mm2\/s\u00a0 \u00a0 \u00a0 \u00a0 \u00a0 \u00a0 29,6<br \/>\nViscosidade Cinem\u00e1tica \u00e0 100 \u00b0C\u00a0 \u00a0 \u00a0 \u00a0 \u00a0 \u00a0 \u00a0 \u00a0 \u00a0 \u00a0 \u00a0 \u00a0DIN 51562-1\u00a0 \u00a0 \u00a0 \u00a0 \u00a0 \u00a0 \u00a0 \u00a0 \u00a0 \u00a0mm2\/s\u00a0 \u00a0 \u00a0 \u00a0 \u00a0 \u00a0 6,4<br \/>\n\u00cdndice de Viscosidade\u00a0 \u00a0 \u00a0 \u00a0 \u00a0 \u00a0 \u00a0 \u00a0 \u00a0 \u00a0 \u00a0 \u00a0 \u00a0 \u00a0 \u00a0 \u00a0 \u00a0 \u00a0 \u00a0 \u00a0 \u00a0 \u00a0DIN ISO 2909\u00a0 \u00a0 \u00a0 \u00a0 \u00a0 \u00a0 \u00a0 \u00a0 \u00a0 \u00a0 \u00a0 \u00a0 \u00a0 \u00a0 \u00a0 \u00a0 \u00a0 \u00a0 \u00a0 \u00a0 \u00a0185<br \/>\nPonto de Fluidez\u00a0 \u00a0 \u00a0 \u00a0 \u00a0 \u00a0 \u00a0 \u00a0 \u00a0 \u00a0 \u00a0 \u00a0 \u00a0 \u00a0 \u00a0 \u00a0 \u00a0 \u00a0 \u00a0 \u00a0 \u00a0 \u00a0 \u00a0 \u00a0 \u00a0 \u00a0 DIN ISO 3016\u00a0 \u00a0 \u00a0 \u00a0 \u00a0 \u00a0 \u00a0 \u00a0 \u00a0\u00b0C\u00a0 \u00a0 \u00a0 \u00a0 \u00a0 \u00a0 \u00a0 \u00a0 \u00a0 \u00a0 -51<br \/>\nCor\u00a0 \u00a0 \u00a0 \u00a0 \u00a0 \u00a0 \u00a0 \u00a0 \u00a0 \u00a0 \u00a0 \u00a0 \u00a0 \u00a0 \u00a0 \u00a0 \u00a0 \u00a0 \u00a0 \u00a0 \u00a0 \u00a0 \u00a0 \u00a0 \u00a0 \u00a0 \u00a0 \u00a0 \u00a0 \u00a0 \u00a0 \u00a0 \u00a0 \u00a0 \u00a0 \u00a0 \u00a0 \u00a0 \u00a0 \u00a0 \u00a0 \u00a0 \u00a0 \u00a0 \u00a0 \u00a0 \u00a0 \u00a0 \u00a0 \u00a0 \u00a0 \u00a0 \u00a0 \u00a0 \u00a0 \u00a0 \u00a0 \u00a0 \u00a0 \u00a0 \u00a0 \u00a0 \u00a0 \u00a0 \u00a0 \u00a0 \u00a0 \u00a0 \u00a0 \u00a0 \u00a0 \u00a0 Vermelho<\/p>\n<p>O conte\u00fado deste informativo de produto \u00e9 baseado na experi\u00eancia e conhecimento da FUCHS LUBRIFICANTES DO BRASIL no desenvolvimento e fabrica\u00e7\u00e3o de lubrificantes, e representa a tecnologia de ponta atual. O desempenho dos nossos produtos pode ser influenciado por uma s\u00e9rie de fatores, especialmente a utiliza\u00e7\u00e3o espec\u00edfica, o m\u00e9todo de aplica\u00e7\u00e3o, o ambiente operacional, o pr\u00e9-tratamento, a poss\u00edvel contamina\u00e7\u00e3o externa etc. Por este motivo, afirma\u00e7\u00f5es generalizadas sobre a fun\u00e7\u00e3o dos nossos produtos n\u00e3o s\u00e3o poss\u00edveis. Nossos produtos n\u00e3o devem ser usados em aeronaves ou ve\u00edculos espaciais. Nossos produtos podem ser usados na produ\u00e7\u00e3o de componentes de aeronaves ou ve\u00edculos espaciais se forem removidos sem res\u00edduos desses componentes antes da montagem de aeronaves ou ve\u00edculos espaciais. As informa\u00e7\u00f5es sobre o produto representam diretrizes gerais, n\u00e3o vinculativas.<br \/>\nNenhuma garantia expressa ou impl\u00edcita \u00e9 dada sobre as propriedades do produto ou sua adequa\u00e7\u00e3o para qualquer aplica\u00e7\u00e3o dada.<br \/>\nPor isso, recomendamos que voc\u00ea consulte o Departamento T\u00e9cnico da FUCHS LUBRIFICANTES DO BRASIL para discutir as condi\u00e7\u00f5es de aplica\u00e7\u00e3o e os crit\u00e9rios de desempenho dos produtos antes de ser utilizado. \u00c9 responsabilidade do usu\u00e1rio verificar a adequa\u00e7\u00e3o funcional do produto e us\u00e1-lo com o devido cuidado.<br \/>\nNossos produtos s\u00e3o continuamente melhorados. N\u00f3s ent\u00e3o nos reservamos o direito de mudar nosso programa de produto, os produtos e seus processos de fabrica\u00e7\u00e3o, bem como todos os detalhes dos nossos formul\u00e1rios de informa\u00e7\u00e3o do produto a qualquer momento, sem aviso pr\u00e9vio, a menos que haja acordos espec\u00edficos com clientes. Com a publica\u00e7\u00e3o deste informativo de produto, todas as edi\u00e7\u00f5es anteriores deixam de ser v\u00e1lidas.<\/p>\n","protected":false},"featured_media":10677,"template":"","meta":[],"product_cat":[135],"product_tag":[],"class_list":{"0":"post-10676","1":"product","2":"type-product","3":"status-publish","4":"has-post-thumbnail","6":"product_cat-fluidos","8":"first","9":"instock","10":"shipping-taxable","11":"purchasable","12":"product-type-simple","13":"add-to-wishlist-after_add_to_cart"},"_links":{"self":[{"href":"https:\/\/catalogo.rcddistribuidora.com\/index.php?rest_route=\/wp\/v2\/product\/10676","targetHints":{"allow":["GET"]}}],"collection":[{"href":"https:\/\/catalogo.rcddistribuidora.com\/index.php?rest_route=\/wp\/v2\/product"}],"about":[{"href":"https:\/\/catalogo.rcddistribuidora.com\/index.php?rest_route=\/wp\/v2\/types\/product"}],"wp:featuredmedia":[{"embeddable":true,"href":"https:\/\/catalogo.rcddistribuidora.com\/index.php?rest_route=\/wp\/v2\/media\/10677"}],"wp:attachment":[{"href":"https:\/\/catalogo.rcddistribuidora.com\/index.php?rest_route=%2Fwp%2Fv2%2Fmedia&parent=10676"}],"wp:term":[{"taxonomy":"product_cat","embeddable":true,"href":"https:\/\/catalogo.rcddistribuidora.com\/index.php?rest_route=%2Fwp%2Fv2%2Fproduct_cat&post=10676"},{"taxonomy":"product_tag","embeddable":true,"href":"https:\/\/catalogo.rcddistribuidora.com\/index.php?rest_route=%2Fwp%2Fv2%2Fproduct_tag&post=10676"}],"curies":[{"name":"wp","href":"https:\/\/api.w.org\/{rel}","templated":true}]}}