{"id":10661,"date":"2024-11-28T16:47:47","date_gmt":"2024-11-28T19:47:47","guid":{"rendered":"https:\/\/catalogo.rcddistribuidora.com\/?post_type=product&#038;p=10661"},"modified":"2024-11-28T16:47:48","modified_gmt":"2024-11-28T19:47:48","slug":"velas-aquecedoras-para-motor-diesel","status":"publish","type":"product","link":"https:\/\/catalogo.rcddistribuidora.com\/?product=velas-aquecedoras-para-motor-diesel","title":{"rendered":"VELAS AQUECEDORAS PARA MOTOR DIESEL"},"content":{"rendered":"","protected":false},"excerpt":{"rendered":"<p>As\u00a0<b>Velas Aquecedoras<\/b>\u00a0s\u00e3o utilizadas em motores a diesel para aquecer a c\u00e2mara de combust\u00e3o, facilitando a partida e permanecendo em funcionamento at\u00e9 que o motor atinja sua temperatura ideal de funcionamento. S\u00e3o muito comuns em \u00f4nibus, caminh\u00f5es, furg\u00f5es, tratores ou outros tipos de motores de todas as marcas.<\/p>\n<p>O motor a diesel necessita comprimir o ar na c\u00e2mara de combust\u00e3o e aquec\u00ea-lo a uma alt\u00edssima temperatura, para que inicie seu funcionamento. A\u00a0<b>Vela Aquecedora<\/b>\u00a0facilita esse processo e permite uma r\u00e1pida partida do motor.<\/p>\n<p>Diferentemente dos motores a gasolina ou a \u00e1lcool que usam velas de igni\u00e7\u00e3o, as velas de aquecimento s\u00e3o usadas nos motores a diesel, para elevar a temperatura do ar ao ponto de combust\u00e3o espont\u00e2nea do combust\u00edvel, em sua taxa de compress\u00e3o.<\/p>\n<p>As\u00a0<b>Velas Aquecedoras<\/b>\u00a0s\u00e3o usadas em dois momentos: no pr\u00e9-aquecimento do motor, quando esse ainda n\u00e3o est\u00e1 em funcionamento e no p\u00f3s-aquecimento, quando o motor j\u00e1 est\u00e1 em funcionamento, mas se a temperatura exterior estiver for muito baixa.<\/p>\n<p>Este processo reduz o n\u00edvel de poluentes e fuma\u00e7a no meio ambiente, al\u00e9m de diminuir o consumo de combust\u00edvel, no caso o diesel, gerando economia e permitindo um desempenho mais suave do motor.<\/p>\n<p><img fetchpriority=\"high\" decoding=\"async\" class=\"alignnone size-medium wp-image-10662\" src=\"https:\/\/catalogo.rcddistribuidora.com\/wp-content\/uploads\/2024\/11\/121559468_173429471061230_7059158648573785022_n-800x800-1-300x300.jpg\" alt=\"\" width=\"300\" height=\"300\" \/><\/p>\n<div class=\"fusion-title title fusion-title-3 fusion-sep-none fusion-title-text fusion-title-size-two\">\n<h2>Quando trocar as velas aquecedoras?<\/h2>\n<\/div>\n<div class=\"fusion-text fusion-text-3\">\n<p>Normalmente o manual de instru\u00e7\u00e3o e manuten\u00e7\u00e3o do ve\u00edculo ou do motor indicam a vida \u00fatil das\u00a0<b>Velas Aquecedoras<\/b>. Como j\u00e1 vimos, h\u00e1 diferentes tipos de motores a diesel e cada um tem sua caracter\u00edstica.<\/p>\n<p>De forma geral, nos autom\u00f3veis \u00e9 ao redor de 120.000km, isso se n\u00e3o houver nenhum sintoma de mau funcionamento do motor. Contudo, se for notado que sai muita fuma\u00e7a negra pelo escapamento do ve\u00edculo, especialmente no momento do arranque, \u00e9 um indicativo da necessidade de substitui\u00e7\u00e3o das Velas Aquecedoras ou velas de aquecimento.<\/p>\n<p>A Wega possui\u00a0<b>Velas Aquecedoras<\/b>\u00a0de alto desempenho, que atendem as exig\u00eancias das principais marcas mundiais de motores a diesel.<\/p>\n<\/div>\n","protected":false},"featured_media":10663,"template":"","meta":[],"product_cat":[15,156,159,151,158,152,153,154,157,150,155],"product_tag":[],"class_list":{"0":"post-10661","1":"product","2":"type-product","3":"status-publish","4":"has-post-thumbnail","6":"product_cat-geral","7":"product_cat-oleo-atf-automatico","8":"product_cat-oleo-de-suspensao-e-direcao","9":"product_cat-oleo-mineral","10":"product_cat-oleo-para-diferencial","11":"product_cat-oleo-para-motores-a-diesel","12":"product_cat-oleo-para-motores-a-gasolina","13":"product_cat-oleo-para-motores-flex","14":"product_cat-oleo-para-transmissao-manual","15":"product_cat-oleo-semissintetico","16":"product_cat-oleos-de-transmissao","18":"first","19":"instock","20":"shipping-taxable","21":"purchasable","22":"product-type-simple","23":"add-to-wishlist-after_add_to_cart"},"_links":{"self":[{"href":"https:\/\/catalogo.rcddistribuidora.com\/index.php?rest_route=\/wp\/v2\/product\/10661","targetHints":{"allow":["GET"]}}],"collection":[{"href":"https:\/\/catalogo.rcddistribuidora.com\/index.php?rest_route=\/wp\/v2\/product"}],"about":[{"href":"https:\/\/catalogo.rcddistribuidora.com\/index.php?rest_route=\/wp\/v2\/types\/product"}],"wp:featuredmedia":[{"embeddable":true,"href":"https:\/\/catalogo.rcddistribuidora.com\/index.php?rest_route=\/wp\/v2\/media\/10663"}],"wp:attachment":[{"href":"https:\/\/catalogo.rcddistribuidora.com\/index.php?rest_route=%2Fwp%2Fv2%2Fmedia&parent=10661"}],"wp:term":[{"taxonomy":"product_cat","embeddable":true,"href":"https:\/\/catalogo.rcddistribuidora.com\/index.php?rest_route=%2Fwp%2Fv2%2Fproduct_cat&post=10661"},{"taxonomy":"product_tag","embeddable":true,"href":"https:\/\/catalogo.rcddistribuidora.com\/index.php?rest_route=%2Fwp%2Fv2%2Fproduct_tag&post=10661"}],"curies":[{"name":"wp","href":"https:\/\/api.w.org\/{rel}","templated":true}]}}