{"id":10659,"date":"2024-11-28T16:45:15","date_gmt":"2024-11-28T19:45:15","guid":{"rendered":"https:\/\/catalogo.rcddistribuidora.com\/?post_type=product&#038;p=10659"},"modified":"2024-11-28T16:45:15","modified_gmt":"2024-11-28T19:45:15","slug":"velas-de-ignicao","status":"publish","type":"product","link":"https:\/\/catalogo.rcddistribuidora.com\/?product=velas-de-ignicao","title":{"rendered":"Velas de Igni\u00e7\u00e3o"},"content":{"rendered":"","protected":false},"excerpt":{"rendered":"<p>As Velas de Igni\u00e7\u00e3o s\u00e3o um componente essencial localizado no cabe\u00e7ote do motor; sua fun\u00e7\u00e3o \u00e9 conduzir a corrente el\u00e9trica at\u00e9 a c\u00e2mara de combust\u00e3o, transformando-a em centelha, inflamando a mistura de ar\/combust\u00edvel que possibilita a queima do combust\u00edvel.<br \/>\nAs Velas de Igni\u00e7\u00e3o possuem uma s\u00e9rie de componentes internos e sua qualidade est\u00e1 diretamente ligada ao rendimento do motor e ao consumo de combust\u00edvel.<\/p>\n<p>A fa\u00edsca da vela de igni\u00e7\u00e3o d\u00e1 in\u00edcio \u00e0 explos\u00e3o que move os pist\u00f5es, movimentando o motor. Por isso, a raz\u00e3o dela ser um componente t\u00e3o importante do seu ve\u00edculo, para a qual \u00e9 preciso sempre estar atento para garantir o bom funcionamento e desempenho.<\/p>\n<p>As velas de igni\u00e7\u00e3o Wega s\u00e3o desenvolvidas de acordo com os padr\u00f5es originais do ve\u00edculo e com tecnologia altamente sofisticada.<\/p>\n<div class=\"fusion-title title fusion-title-2 fusion-sep-none fusion-title-text fusion-title-size-two\">\n<h2><strong>Quando trocar as Velas de Igni\u00e7\u00e3o?<\/strong><\/h2>\n<\/div>\n<div class=\"fusion-text fusion-text-2\">\n<p>Como todo componente el\u00e9trico\/mec\u00e2nico, as Velas de Igni\u00e7\u00e3o sofrem um desgaste natural com seu uso e em condi\u00e7\u00f5es normais precisam ser inspecionadas pelo mec\u00e2nico a cada 10.000 km rodados.<\/p>\n<p>Fique atento tamb\u00e9m para utilizar o tipo correto de Vela de Igni\u00e7\u00e3o para seu motor.<\/p>\n<div class=\"fusion-title title fusion-title-3 fusion-sep-none fusion-title-text fusion-title-size-two\">\n<h2>Como saber se as Velas de Igni\u00e7\u00e3o est\u00e3o boas?<\/h2>\n<\/div>\n<div class=\"fusion-text fusion-text-3\">\n<p>No desgaste normal da Vela de Igni\u00e7\u00e3o, a base do isolador fica levemente amarelada ou marrom, indicando que nada h\u00e1 de errado com o motor. Quando o desgaste vai al\u00e9m do normal ocorre a eros\u00e3o do eletrodo central, ficando grande a dist\u00e2ncia entre os eletrodos. Eletrodos corro\u00eddos, fuligem preta (que indica filtro de ar sujo), sujeira oleosa nos eletrodos, res\u00edduos de chumbo ou impurezas, eletrodo fundido e isolador trincado s\u00e3o todos ind\u00edcios que as velas de igni\u00e7\u00e3o devem ser trocadas, muitas vezes por problemas ocasionados em outras partes do motor.<\/p>\n<p>Ao serem inspecionadas, as velas de igni\u00e7\u00e3o normalmente indicam sintomas de outros problemas que podem estar ocorrendo com o motor, como: filtro de ar sujo, afogador com problema ou funcionando por muito tempo, uso de combust\u00edvel de m\u00e1 qualidade, res\u00edduo de chumbo no combust\u00edvel, uso de aditivos corrosivos no combust\u00edvel ou no \u00f3leo lubrificante, dentre outros. Nessas situa\u00e7\u00f5es, substitua o jogo de velas de seu motor por velas novas da Wega, verificando a aplica\u00e7\u00e3o correta descrita no nosso site ou no aplicativo.<\/p>\n<p>Em se tratando de Velas de Igni\u00e7\u00e3o, nunca reaproveite velas danificadas e use sempre ferramentas apropriadas para a remo\u00e7\u00e3o ou instala\u00e7\u00e3o, pois o aperto pode variar segundo o modelo de cada motor. Consulte sempre um mec\u00e2nico de confian\u00e7a ou algu\u00e9m especializado de sua loja de prefer\u00eancia.<\/p>\n<\/div>\n<\/div>\n","protected":false},"featured_media":10660,"template":"","meta":[],"product_cat":[15,156,159,151,158,152,153,154,157,150,155],"product_tag":[],"class_list":{"0":"post-10659","1":"product","2":"type-product","3":"status-publish","4":"has-post-thumbnail","6":"product_cat-geral","7":"product_cat-oleo-atf-automatico","8":"product_cat-oleo-de-suspensao-e-direcao","9":"product_cat-oleo-mineral","10":"product_cat-oleo-para-diferencial","11":"product_cat-oleo-para-motores-a-diesel","12":"product_cat-oleo-para-motores-a-gasolina","13":"product_cat-oleo-para-motores-flex","14":"product_cat-oleo-para-transmissao-manual","15":"product_cat-oleo-semissintetico","16":"product_cat-oleos-de-transmissao","18":"first","19":"instock","20":"shipping-taxable","21":"purchasable","22":"product-type-simple","23":"add-to-wishlist-after_add_to_cart"},"_links":{"self":[{"href":"https:\/\/catalogo.rcddistribuidora.com\/index.php?rest_route=\/wp\/v2\/product\/10659","targetHints":{"allow":["GET"]}}],"collection":[{"href":"https:\/\/catalogo.rcddistribuidora.com\/index.php?rest_route=\/wp\/v2\/product"}],"about":[{"href":"https:\/\/catalogo.rcddistribuidora.com\/index.php?rest_route=\/wp\/v2\/types\/product"}],"wp:featuredmedia":[{"embeddable":true,"href":"https:\/\/catalogo.rcddistribuidora.com\/index.php?rest_route=\/wp\/v2\/media\/10660"}],"wp:attachment":[{"href":"https:\/\/catalogo.rcddistribuidora.com\/index.php?rest_route=%2Fwp%2Fv2%2Fmedia&parent=10659"}],"wp:term":[{"taxonomy":"product_cat","embeddable":true,"href":"https:\/\/catalogo.rcddistribuidora.com\/index.php?rest_route=%2Fwp%2Fv2%2Fproduct_cat&post=10659"},{"taxonomy":"product_tag","embeddable":true,"href":"https:\/\/catalogo.rcddistribuidora.com\/index.php?rest_route=%2Fwp%2Fv2%2Fproduct_tag&post=10659"}],"curies":[{"name":"wp","href":"https:\/\/api.w.org\/{rel}","templated":true}]}}