{"id":10195,"date":"2024-11-19T17:54:32","date_gmt":"2024-11-19T20:54:32","guid":{"rendered":"https:\/\/catalogo.rcddistribuidora.com\/?post_type=product&#038;p=10195"},"modified":"2024-11-19T17:54:32","modified_gmt":"2024-11-19T20:54:32","slug":"aditivo-sintetico-pronto-uso","status":"publish","type":"product","link":"https:\/\/catalogo.rcddistribuidora.com\/?product=aditivo-sintetico-pronto-uso","title":{"rendered":"ADITIVO SINT\u00c9TICO PRONTO USO"},"content":{"rendered":"","protected":false},"excerpt":{"rendered":"<p>Aditivo Sint\u00e9tico Pronto Uso Koube, \u00e9 uma solu\u00e7\u00e3o arrefecedora desenvolvida com tecnologia sint\u00e9tica, a base de glicol. Suas propriedades coligativas reduz a temperatura de congelamento e aumenta a temperatura de ebuli\u00e7\u00e3o da solu\u00e7\u00e3o arrefecedora, contribuindo para uma melhor dissipa\u00e7\u00e3o de calor produzido pelo motor. Possui propriedades antifervura, anticongelamento, anticorrosiva e antiespumante. Protege contra cavita\u00e7\u00e3o, corros\u00e3o e oxida\u00e7\u00e3o das partes met\u00e1licas do sistema de arrefecimento. Atende aos requisitos de qualidade exigidos pelas normas nacionais e internacionais.<\/p>\n<p><strong>INSTRU\u00c7\u00d5ES DE USO<\/strong><\/p>\n<p>Certifique-se de ter esgotado completamente o flu\u00eddo antigo do sistema de arrefecimento, e em seguida efetue a limpeza do sistema utilizando o Limpa Radiadores Org\u00e2nico Koube. Depois da limpeza do sistema, enx\u00e1gue bem e adicione o aditivo no reservat\u00f3rio de expans\u00e3o, at\u00e9 que o n\u00edvel do l\u00edquido fique entre as marca\u00e7\u00f5es de m\u00ednimo e m\u00e1ximo descritas no reservat\u00f3rio. Produto pronto para uso, n\u00e3o requer dilui\u00e7\u00e3o.<\/p>\n<p><strong><br \/>\nCARACTER\u00cdSTICAS<\/strong><\/p>\n<ul>\n<li>Protege contra a cavita\u00e7\u00e3o e forma\u00e7\u00e3o de bolhas;<\/li>\n<li>Previne a corros\u00e3o em todas as ligas met\u00e1licas presentes no sistema de arrefecimento;<\/li>\n<li>Apresenta \u00f3tima estabilidade em condi\u00e7\u00f5es extremas de temperatura;<\/li>\n<li>Prolonga a vida \u00fatil do motor;<\/li>\n<li>Atende a norma ABNT NBR 14.261\/16 Tipo C;<\/li>\n<li>Protege contra vazamentos;<\/li>\n<li>Durabilidade 40.000 km ou 2 anos.<\/li>\n<\/ul>\n","protected":false},"featured_media":10196,"template":"","meta":[],"product_cat":[109],"product_tag":[],"class_list":{"0":"post-10195","1":"product","2":"type-product","3":"status-publish","4":"has-post-thumbnail","6":"product_cat-aditivos","8":"first","9":"instock","10":"shipping-taxable","11":"purchasable","12":"product-type-simple","13":"add-to-wishlist-after_add_to_cart"},"_links":{"self":[{"href":"https:\/\/catalogo.rcddistribuidora.com\/index.php?rest_route=\/wp\/v2\/product\/10195","targetHints":{"allow":["GET"]}}],"collection":[{"href":"https:\/\/catalogo.rcddistribuidora.com\/index.php?rest_route=\/wp\/v2\/product"}],"about":[{"href":"https:\/\/catalogo.rcddistribuidora.com\/index.php?rest_route=\/wp\/v2\/types\/product"}],"wp:featuredmedia":[{"embeddable":true,"href":"https:\/\/catalogo.rcddistribuidora.com\/index.php?rest_route=\/wp\/v2\/media\/10196"}],"wp:attachment":[{"href":"https:\/\/catalogo.rcddistribuidora.com\/index.php?rest_route=%2Fwp%2Fv2%2Fmedia&parent=10195"}],"wp:term":[{"taxonomy":"product_cat","embeddable":true,"href":"https:\/\/catalogo.rcddistribuidora.com\/index.php?rest_route=%2Fwp%2Fv2%2Fproduct_cat&post=10195"},{"taxonomy":"product_tag","embeddable":true,"href":"https:\/\/catalogo.rcddistribuidora.com\/index.php?rest_route=%2Fwp%2Fv2%2Fproduct_tag&post=10195"}],"curies":[{"name":"wp","href":"https:\/\/api.w.org\/{rel}","templated":true}]}}