{"id":10193,"date":"2024-11-19T17:52:29","date_gmt":"2024-11-19T20:52:29","guid":{"rendered":"https:\/\/catalogo.rcddistribuidora.com\/?post_type=product&#038;p=10193"},"modified":"2024-11-19T17:58:06","modified_gmt":"2024-11-19T20:58:06","slug":"aditivo-concentrado-hibrido-plus","status":"publish","type":"product","link":"https:\/\/catalogo.rcddistribuidora.com\/?product=aditivo-concentrado-hibrido-plus","title":{"rendered":"ADITIVO CONCENTRADO H\u00cdBRIDO PLUS"},"content":{"rendered":"","protected":false},"excerpt":{"rendered":"<p>O ADITIVO PARA RADIADOR CONCENTRADO H\u00cdBRIDO PLUS KOUBE \u00e9 um fluido elaborado com tecnologia h\u00edbrida, a base de glicol, que promove a fun\u00e7\u00e3o coligativa da solu\u00e7\u00e3o arrefecedora, reduzindo a temperatura de congelamento e aumentando a temperatura de ebuli\u00e7\u00e3o. Protege contra corros\u00e3o, cavita\u00e7\u00e3o e oxida\u00e7\u00e3o das partes met\u00e1licas e demais componentes do sistema de arrefecimento. Prolonga a vida \u00fatil do motor, atendendo aos mais altos requisitos de qualidade exigidos por padr\u00f5es de normas nacionais e internacionais.<\/p>\n<p><strong>Indica\u00e7\u00f5es de uso:<\/strong>\u00a0O ADITIVO PARA RADIADOR CONCENTRADO H\u00cdBRIDO PLUS KOUBE \u00e9 indicado para motores a Gasolina, Etanol, Flex, GNV e utilit\u00e1rios leves a diesel.<\/p>\n<p><strong>Durabilidade:<\/strong>\u00a04 anos ou 80.000km<\/p>\n<p><strong>Caracter\u00edsticas<\/strong><\/p>\n<ul>\n<li>Protege contra a cavita\u00e7\u00e3o e forma\u00e7\u00e3o de bolhas;<\/li>\n<li>Previne a corros\u00e3o em todas as ligas met\u00e1licas presentes no sistema de arrefecimento;<\/li>\n<li>Apresenta \u00f3tima estabilidade em condi\u00e7\u00f5es extremas de temperatura;<\/li>\n<li>Prolonga a vida \u00fatil do motor;<\/li>\n<li>Atende a norma ABNT NBR 13.705\/16 Tipo C;<\/li>\n<\/ul>\n<p><strong>Instru\u00e7\u00f5es de uso:\u00a0<\/strong>Dilua 50% de ADITIVO PARA RADIADOR CONCENTRADO H\u00cdBRIDO PLUS KOUBE para 50% de \u00c1gua Desmineralizada. Caso seja necess\u00e1rio efetuar a limpeza do sistema de arrefecimento, sugerimos a utiliza\u00e7\u00e3o do LIMPA RADIADOR ORG\u00c2NICO KOUBE, seguindo as recomenda\u00e7\u00f5es descritas no r\u00f3tulo do produto sugerido.<\/p>\n","protected":false},"featured_media":10194,"template":"","meta":[],"product_cat":[109],"product_tag":[],"class_list":{"0":"post-10193","1":"product","2":"type-product","3":"status-publish","4":"has-post-thumbnail","6":"product_cat-aditivos","8":"first","9":"instock","10":"shipping-taxable","11":"purchasable","12":"product-type-simple","13":"add-to-wishlist-after_add_to_cart"},"_links":{"self":[{"href":"https:\/\/catalogo.rcddistribuidora.com\/index.php?rest_route=\/wp\/v2\/product\/10193","targetHints":{"allow":["GET"]}}],"collection":[{"href":"https:\/\/catalogo.rcddistribuidora.com\/index.php?rest_route=\/wp\/v2\/product"}],"about":[{"href":"https:\/\/catalogo.rcddistribuidora.com\/index.php?rest_route=\/wp\/v2\/types\/product"}],"wp:featuredmedia":[{"embeddable":true,"href":"https:\/\/catalogo.rcddistribuidora.com\/index.php?rest_route=\/wp\/v2\/media\/10194"}],"wp:attachment":[{"href":"https:\/\/catalogo.rcddistribuidora.com\/index.php?rest_route=%2Fwp%2Fv2%2Fmedia&parent=10193"}],"wp:term":[{"taxonomy":"product_cat","embeddable":true,"href":"https:\/\/catalogo.rcddistribuidora.com\/index.php?rest_route=%2Fwp%2Fv2%2Fproduct_cat&post=10193"},{"taxonomy":"product_tag","embeddable":true,"href":"https:\/\/catalogo.rcddistribuidora.com\/index.php?rest_route=%2Fwp%2Fv2%2Fproduct_tag&post=10193"}],"curies":[{"name":"wp","href":"https:\/\/api.w.org\/{rel}","templated":true}]}}