{"id":10191,"date":"2024-11-19T17:51:09","date_gmt":"2024-11-19T20:51:09","guid":{"rendered":"https:\/\/catalogo.rcddistribuidora.com\/?post_type=product&#038;p=10191"},"modified":"2024-11-19T17:51:09","modified_gmt":"2024-11-19T20:51:09","slug":"aditivo-concentrado-organico-long-life","status":"publish","type":"product","link":"https:\/\/catalogo.rcddistribuidora.com\/?product=aditivo-concentrado-organico-long-life","title":{"rendered":"ADITIVO CONCENTRADO ORG\u00c2NICO LONG LIFE"},"content":{"rendered":"","protected":false},"excerpt":{"rendered":"<p>Aditivo Concentrado Org\u00e2nico Long Life Koube, \u00e9 um flu\u00eddo para radiadores com tecnologia org\u00e2nica de longa dura\u00e7\u00e3o, a base de glicol. Suas propriedades coligativas reduz a temperatura de congelamento e aumenta a temperatura de ebuli\u00e7\u00e3o da solu\u00e7\u00e3o arrefecedora, contribuindo para uma melhor dissipa\u00e7\u00e3o de calor produzido pelo motor. Possui propriedades antifervura, anticongelamento, anticorrosiva e antiespumante. Protege contra cavita\u00e7\u00e3o, corros\u00e3o e oxida\u00e7\u00e3o das partes met\u00e1licas do sistema de arrefecimento. Atende aos requisitos de qualidade exigidos pelas normas nacionais e internacionais.<\/p>\n<p><strong>INSTRU\u00c7\u00d5ES DE USO<\/strong><\/p>\n<p>Dilua 50% de Aditivo Concentrado Org\u00e2nico Long Life Koube para 50% de \u00c1gua Desmineralizada. Caso seja necess\u00e1rio, efetuar a limpeza do sistema de arrefecimento, sugerimos a utiliza\u00e7\u00e3o do Limpa Radiador Org\u00e2nico Koube, seguindo as recomenda\u00e7\u00f5es descritas no r\u00f3tulo do produto sugerido.<\/p>\n<p><strong>\u00a0CARACTER\u00cdSTICAS<\/strong><\/p>\n<ul>\n<li>Protege contra a cavita\u00e7\u00e3o e forma\u00e7\u00e3o de bolhas;<\/li>\n<li>Previne a corros\u00e3o em todas as ligas met\u00e1licas presentes no sistema de arrefecimento;<\/li>\n<li>Apresenta \u00f3tima estabilidade em condi\u00e7\u00f5es extremas de temperatura;<\/li>\n<li>Prolonga a vida \u00fatil do motor;<\/li>\n<li>Atende a norma ABNT NBR 13.705\/16 tipo C;<\/li>\n<li>Durabilidade 100.000 km ou 5 anos.<\/li>\n<\/ul>\n","protected":false},"featured_media":10192,"template":"","meta":[],"product_cat":[109],"product_tag":[],"class_list":{"0":"post-10191","1":"product","2":"type-product","3":"status-publish","4":"has-post-thumbnail","6":"product_cat-aditivos","8":"first","9":"instock","10":"shipping-taxable","11":"purchasable","12":"product-type-simple","13":"add-to-wishlist-after_add_to_cart"},"_links":{"self":[{"href":"https:\/\/catalogo.rcddistribuidora.com\/index.php?rest_route=\/wp\/v2\/product\/10191","targetHints":{"allow":["GET"]}}],"collection":[{"href":"https:\/\/catalogo.rcddistribuidora.com\/index.php?rest_route=\/wp\/v2\/product"}],"about":[{"href":"https:\/\/catalogo.rcddistribuidora.com\/index.php?rest_route=\/wp\/v2\/types\/product"}],"wp:featuredmedia":[{"embeddable":true,"href":"https:\/\/catalogo.rcddistribuidora.com\/index.php?rest_route=\/wp\/v2\/media\/10192"}],"wp:attachment":[{"href":"https:\/\/catalogo.rcddistribuidora.com\/index.php?rest_route=%2Fwp%2Fv2%2Fmedia&parent=10191"}],"wp:term":[{"taxonomy":"product_cat","embeddable":true,"href":"https:\/\/catalogo.rcddistribuidora.com\/index.php?rest_route=%2Fwp%2Fv2%2Fproduct_cat&post=10191"},{"taxonomy":"product_tag","embeddable":true,"href":"https:\/\/catalogo.rcddistribuidora.com\/index.php?rest_route=%2Fwp%2Fv2%2Fproduct_tag&post=10191"}],"curies":[{"name":"wp","href":"https:\/\/api.w.org\/{rel}","templated":true}]}}