{"id":10185,"date":"2024-11-19T17:44:47","date_gmt":"2024-11-19T20:44:47","guid":{"rendered":"https:\/\/catalogo.rcddistribuidora.com\/?post_type=product&#038;p=10185"},"modified":"2024-11-19T17:49:20","modified_gmt":"2024-11-19T20:49:20","slug":"aditivo-concentrado-hibrido-classico","status":"publish","type":"product","link":"https:\/\/catalogo.rcddistribuidora.com\/?product=aditivo-concentrado-hibrido-classico","title":{"rendered":"ADITIVO CONCENTRADO H\u00cdBRIDO CL\u00c1SSICO"},"content":{"rendered":"","protected":false},"excerpt":{"rendered":"<p>Aditivo Concentrado H\u00edbrido Cl\u00e1ssico Koube, \u00e9 um aditivo para sistemas de arrefecimento especialmente formulado para ve\u00edculos com mais de 20 anos de uso. Atua na dissipa\u00e7\u00e3o do calor, aumentando o ponto de ebuli\u00e7\u00e3o e reduzindo a temperatura de congelamento do flu\u00eddo. Protege o sistema de arrefecimento contra a corros\u00e3o, cavita\u00e7\u00e3o e oxida\u00e7\u00e3o. Possui em sua f\u00f3rmula agentes inibidores de vazamentos.<\/p>\n<p><strong>INSTRU\u00c7\u00d5ES DE USO<br \/>\n<\/strong>Dilua o aditivo numa propor\u00e7\u00e3o de 50% de \u00e1gua desmineralizada e 50% de aditivo Koube, em seguida agite a solu\u00e7\u00e3o obtida e adicione no reservat\u00f3rio de expans\u00e3o do sistema de arrefecimento. Substituir o flu\u00eddo conforme as orienta\u00e7\u00f5es do fabricante, caso n\u00e3o haja recomenda\u00e7\u00e3o substitua a cada 12 meses. N\u00e3o misture o fluido Koube com outros fluidos, sempre esgote totalmente o fluido antigo antes de adicionar o novo. Caso seja necess\u00e1rio, efetuar a limpeza do sistema de arrefecimento, recomendamos a utiliza\u00e7\u00e3o do Limpa Radiador Org\u00e2nico Koube.<\/p>\n<p><strong>\u00a0CARACTER\u00cdSTICAS<\/strong><\/p>\n<ul>\n<li>Protege contra a cavita\u00e7\u00e3o e forma\u00e7\u00e3o de bolhas;<\/li>\n<li>Previne a corros\u00e3o em todas as ligas met\u00e1licas poss\u00edveis de serem encontradas no sistema de arrefecimento;<\/li>\n<li>Apresenta \u00f3tima estabilidade em condi\u00e7\u00f5es extremas de temperatura;<\/li>\n<li>Prolonga a vida \u00fatil do motor;<\/li>\n<li>Atende a norma ABNT NBR 13.705\/16 Tipo C;<\/li>\n<li>Inibe pequenos vazamentos presente em ligas met\u00e1licas<\/li>\n<\/ul>\n","protected":false},"featured_media":10186,"template":"","meta":[],"product_cat":[109],"product_tag":[],"class_list":{"0":"post-10185","1":"product","2":"type-product","3":"status-publish","4":"has-post-thumbnail","6":"product_cat-aditivos","8":"first","9":"instock","10":"shipping-taxable","11":"purchasable","12":"product-type-simple","13":"add-to-wishlist-after_add_to_cart"},"_links":{"self":[{"href":"https:\/\/catalogo.rcddistribuidora.com\/index.php?rest_route=\/wp\/v2\/product\/10185","targetHints":{"allow":["GET"]}}],"collection":[{"href":"https:\/\/catalogo.rcddistribuidora.com\/index.php?rest_route=\/wp\/v2\/product"}],"about":[{"href":"https:\/\/catalogo.rcddistribuidora.com\/index.php?rest_route=\/wp\/v2\/types\/product"}],"wp:featuredmedia":[{"embeddable":true,"href":"https:\/\/catalogo.rcddistribuidora.com\/index.php?rest_route=\/wp\/v2\/media\/10186"}],"wp:attachment":[{"href":"https:\/\/catalogo.rcddistribuidora.com\/index.php?rest_route=%2Fwp%2Fv2%2Fmedia&parent=10185"}],"wp:term":[{"taxonomy":"product_cat","embeddable":true,"href":"https:\/\/catalogo.rcddistribuidora.com\/index.php?rest_route=%2Fwp%2Fv2%2Fproduct_cat&post=10185"},{"taxonomy":"product_tag","embeddable":true,"href":"https:\/\/catalogo.rcddistribuidora.com\/index.php?rest_route=%2Fwp%2Fv2%2Fproduct_tag&post=10185"}],"curies":[{"name":"wp","href":"https:\/\/api.w.org\/{rel}","templated":true}]}}