{"id":10060,"date":"2024-11-18T17:40:29","date_gmt":"2024-11-18T20:40:29","guid":{"rendered":"https:\/\/catalogo.rcddistribuidora.com\/?post_type=product&#038;p=10060"},"modified":"2024-11-19T12:16:27","modified_gmt":"2024-11-19T15:16:27","slug":"car-contato","status":"publish","type":"product","link":"https:\/\/catalogo.rcddistribuidora.com\/?product=car-contato","title":{"rendered":"CAR CONTATO"},"content":{"rendered":"","protected":false},"excerpt":{"rendered":"<p>\u00c9 um limpa contato de el\u00e9tricos e eletr\u00f4nicos especialmente desenvolvido para remover graxas, sujeiras, res\u00edduos de umidade que causam oxida\u00e7\u00e3o e isolamento dos contatos, \u00f3leos e outros contaminantes das superf\u00edcies dos contatos el\u00e9tricos e eletr\u00f4nicos.<\/p>\n<p><strong>Caracter\u00edsticas<\/strong><\/p>\n<p>#01 Remove res\u00edduos que prejudicam os contatos el\u00e9tricos e eletr\u00f4nicos<\/p>\n<p>#02 Recupera a condutividade dos contatos<\/p>\n<p>#03 Limpa e seca instantaneamente<\/p>\n<p>#04 Ajuda na preven\u00e7\u00e3o de falhas e mau contato, sem alterar as propriedades el\u00e9tricas<\/p>\n<p>#05 Na maioria dos casos, dispensa a desmontagem dos equipamentos<\/p>\n<p><strong>APLICA\u00c7\u00d5ES<\/strong><\/p>\n<p>Conectores el\u00e9tricos e eletr\u00f4nicos, circuitos el\u00e9tricos, circuitos impressos, reles, seletores de canais, cabe\u00e7as magn\u00e9ticas, potenci\u00f4metros, computadores, impressoras, equipamentos industriais e dom\u00e9sticos, disjuntores e chaves el\u00e9tricas, freios ABS e sistema de igni\u00e7\u00e3o e inje\u00e7\u00e3o eletr\u00f4nica.<\/p>\n","protected":false},"featured_media":10061,"template":"","meta":[],"product_cat":[15],"product_tag":[],"class_list":{"0":"post-10060","1":"product","2":"type-product","3":"status-publish","4":"has-post-thumbnail","6":"product_cat-geral","8":"first","9":"instock","10":"shipping-taxable","11":"purchasable","12":"product-type-simple","13":"add-to-wishlist-after_add_to_cart"},"_links":{"self":[{"href":"https:\/\/catalogo.rcddistribuidora.com\/index.php?rest_route=\/wp\/v2\/product\/10060","targetHints":{"allow":["GET"]}}],"collection":[{"href":"https:\/\/catalogo.rcddistribuidora.com\/index.php?rest_route=\/wp\/v2\/product"}],"about":[{"href":"https:\/\/catalogo.rcddistribuidora.com\/index.php?rest_route=\/wp\/v2\/types\/product"}],"wp:featuredmedia":[{"embeddable":true,"href":"https:\/\/catalogo.rcddistribuidora.com\/index.php?rest_route=\/wp\/v2\/media\/10061"}],"wp:attachment":[{"href":"https:\/\/catalogo.rcddistribuidora.com\/index.php?rest_route=%2Fwp%2Fv2%2Fmedia&parent=10060"}],"wp:term":[{"taxonomy":"product_cat","embeddable":true,"href":"https:\/\/catalogo.rcddistribuidora.com\/index.php?rest_route=%2Fwp%2Fv2%2Fproduct_cat&post=10060"},{"taxonomy":"product_tag","embeddable":true,"href":"https:\/\/catalogo.rcddistribuidora.com\/index.php?rest_route=%2Fwp%2Fv2%2Fproduct_tag&post=10060"}],"curies":[{"name":"wp","href":"https:\/\/api.w.org\/{rel}","templated":true}]}}