{"id":10056,"date":"2024-11-18T17:35:39","date_gmt":"2024-11-18T20:35:39","guid":{"rendered":"https:\/\/catalogo.rcddistribuidora.com\/?post_type=product&#038;p=10056"},"modified":"2024-11-19T12:13:03","modified_gmt":"2024-11-19T15:13:03","slug":"car-80","status":"publish","type":"product","link":"https:\/\/catalogo.rcddistribuidora.com\/?product=car-80","title":{"rendered":"CAR 80"},"content":{"rendered":"","protected":false},"excerpt":{"rendered":"<p><strong>DESCARBONIZANTE<\/strong><\/p>\n<p>Descarbonizante especialmente desenvolvido para limpar completamente, externa e internamente os componentes dos sistemas de alimenta\u00e7\u00e3o de combust\u00edvel dos motores de 2 e 4 tempos nacionais e importados, sem a necessidade de desmontar os seus componentes, removendo \u00f3xidos e dissolvendo gomas e vernizes que, com o tempo, obstruem os canais e furos de passagem do sistema.<\/p>\n<p><strong>Caracter\u00edsticas<\/strong><\/p>\n<p>#01 Recomendado para linha leve automotiva e motocicletas.<\/p>\n<p>#02 Para motores a Etanol, Gasolina, Bicombust\u00edvel e G\u00e1s Natural Veicular (GNV).<\/p>\n<p>#03 Remove em poucos minutos \u00f3xidos e outros elementos que obstruem os gargulantes, canais e as v\u00e1lvulas do sistema de inje\u00e7\u00e3o de combust\u00edvel.<\/p>\n<p>#04 Remove gomas e subprodutos do sistema de alimenta\u00e7\u00e3o, descarboniza an\u00e9is e v\u00e1lvulas, detritos das velas e limpa as c\u00e2maras de combust\u00e3o.<\/p>\n<p>#05 N\u00e3o danifica o catalisador, a sonda lambda e contatos el\u00e9tricos.<\/p>\n<p><strong>APLICA\u00c7\u00d5ES<\/strong><\/p>\n<ul>\n<li>Componentes carbonizados;<\/li>\n<li>Sistemas de inje\u00e7\u00e3o eletr\u00f4nica (bicos injetores);<\/li>\n<li>Sistemas de inje\u00e7\u00e3o direta;<\/li>\n<li>Sistemas de admiss\u00e3o (TBI): Corpo de borboleta, motor de passo, coletor de admiss\u00e3o e v\u00e1lvulas de admiss\u00e3o;<\/li>\n<li>Carburadores.<\/li>\n<\/ul>\n","protected":false},"featured_media":10057,"template":"","meta":[],"product_cat":[15],"product_tag":[],"class_list":{"0":"post-10056","1":"product","2":"type-product","3":"status-publish","4":"has-post-thumbnail","6":"product_cat-geral","8":"first","9":"instock","10":"shipping-taxable","11":"purchasable","12":"product-type-simple","13":"add-to-wishlist-after_add_to_cart"},"_links":{"self":[{"href":"https:\/\/catalogo.rcddistribuidora.com\/index.php?rest_route=\/wp\/v2\/product\/10056","targetHints":{"allow":["GET"]}}],"collection":[{"href":"https:\/\/catalogo.rcddistribuidora.com\/index.php?rest_route=\/wp\/v2\/product"}],"about":[{"href":"https:\/\/catalogo.rcddistribuidora.com\/index.php?rest_route=\/wp\/v2\/types\/product"}],"wp:featuredmedia":[{"embeddable":true,"href":"https:\/\/catalogo.rcddistribuidora.com\/index.php?rest_route=\/wp\/v2\/media\/10057"}],"wp:attachment":[{"href":"https:\/\/catalogo.rcddistribuidora.com\/index.php?rest_route=%2Fwp%2Fv2%2Fmedia&parent=10056"}],"wp:term":[{"taxonomy":"product_cat","embeddable":true,"href":"https:\/\/catalogo.rcddistribuidora.com\/index.php?rest_route=%2Fwp%2Fv2%2Fproduct_cat&post=10056"},{"taxonomy":"product_tag","embeddable":true,"href":"https:\/\/catalogo.rcddistribuidora.com\/index.php?rest_route=%2Fwp%2Fv2%2Fproduct_tag&post=10056"}],"curies":[{"name":"wp","href":"https:\/\/api.w.org\/{rel}","templated":true}]}}