{"id":10054,"date":"2024-11-18T17:33:39","date_gmt":"2024-11-18T20:33:39","guid":{"rendered":"https:\/\/catalogo.rcddistribuidora.com\/?post_type=product&#038;p=10054"},"modified":"2024-11-19T12:12:10","modified_gmt":"2024-11-19T15:12:10","slug":"protetor-de-correias","status":"publish","type":"product","link":"https:\/\/catalogo.rcddistribuidora.com\/?product=protetor-de-correias","title":{"rendered":"PROTETOR DE CORREIAS"},"content":{"rendered":"","protected":false},"excerpt":{"rendered":"<p><strong>PROTEGE E SILENCIA<\/strong><\/p>\n<p>Cuidadosamente desenvolvido para oferecer m\u00e1xima prote\u00e7\u00e3o e lubrifica\u00e7\u00e3o das correias de diversos tipos de maquin\u00e1rio. Sua f\u00f3rmula avan\u00e7ada elimina eficientemente os ru\u00eddos indesejados e melhora a transfer\u00eancia de for\u00e7a, resultando em um desempenho otimizado. Ao aplicar o produto, forma-se uma pel\u00edcula aderente e duradoura que impede o deslizamento das correias, al\u00e9m de proporcionar uma camada protetora contra ressecamentos e quebras. Esse protetor prolonga a vida \u00fatil das correias, garantindo um funcionamento suave e seguro dos equipamentos.<\/p>\n<p><strong>Caracter\u00edsticas<\/strong><\/p>\n<p>#01 Protege e silencia as correias<\/p>\n<p>#02 Reduz o desgaste do material da correia com sua a\u00e7\u00e3o anti-deslizante<\/p>\n<p>#03 Al\u00e9m de eliminar chiados e evitar o ressecamento do material, auxilia tamb\u00e9m na transmiss\u00e3o de for\u00e7a<\/p>\n<p><strong>APLICA\u00c7\u00d5ES<\/strong><\/p>\n<ul>\n<li>Correias de borracha, couro, materiais sint\u00e9ticos em formato V ou planas, ideais para uma ampla gama de aplica\u00e7\u00f5es, incluindo autom\u00f3veis, equipamentos agr\u00edcolas e equipamentos industriais.<\/li>\n<\/ul>\n","protected":false},"featured_media":10055,"template":"","meta":[],"product_cat":[15],"product_tag":[],"class_list":{"0":"post-10054","1":"product","2":"type-product","3":"status-publish","4":"has-post-thumbnail","6":"product_cat-geral","8":"first","9":"instock","10":"shipping-taxable","11":"purchasable","12":"product-type-simple","13":"add-to-wishlist-after_add_to_cart"},"_links":{"self":[{"href":"https:\/\/catalogo.rcddistribuidora.com\/index.php?rest_route=\/wp\/v2\/product\/10054","targetHints":{"allow":["GET"]}}],"collection":[{"href":"https:\/\/catalogo.rcddistribuidora.com\/index.php?rest_route=\/wp\/v2\/product"}],"about":[{"href":"https:\/\/catalogo.rcddistribuidora.com\/index.php?rest_route=\/wp\/v2\/types\/product"}],"wp:featuredmedia":[{"embeddable":true,"href":"https:\/\/catalogo.rcddistribuidora.com\/index.php?rest_route=\/wp\/v2\/media\/10055"}],"wp:attachment":[{"href":"https:\/\/catalogo.rcddistribuidora.com\/index.php?rest_route=%2Fwp%2Fv2%2Fmedia&parent=10054"}],"wp:term":[{"taxonomy":"product_cat","embeddable":true,"href":"https:\/\/catalogo.rcddistribuidora.com\/index.php?rest_route=%2Fwp%2Fv2%2Fproduct_cat&post=10054"},{"taxonomy":"product_tag","embeddable":true,"href":"https:\/\/catalogo.rcddistribuidora.com\/index.php?rest_route=%2Fwp%2Fv2%2Fproduct_tag&post=10054"}],"curies":[{"name":"wp","href":"https:\/\/api.w.org\/{rel}","templated":true}]}}