{"id":10051,"date":"2024-11-18T17:25:23","date_gmt":"2024-11-18T20:25:23","guid":{"rendered":"https:\/\/catalogo.rcddistribuidora.com\/?post_type=product&#038;p=10051"},"modified":"2024-11-19T12:11:25","modified_gmt":"2024-11-19T15:11:25","slug":"protetor-de-polos-de-baterias","status":"publish","type":"product","link":"https:\/\/catalogo.rcddistribuidora.com\/?product=protetor-de-polos-de-baterias","title":{"rendered":"PROTETOR DE POLOS DE BATERIAS"},"content":{"rendered":"","protected":false},"excerpt":{"rendered":"<p><strong>PODER ANTIOXIDANTE<\/strong><\/p>\n<p>CAR 80 PROTETOR DE POLOS DE BATERIAS foi desenvolvido para proteger os polos de sua bateria, este produto forma uma pel\u00edcula protetora robusta que resguarda os polos contra a umidade e os \u00e1cidos corrosivos. Esta barreira eficaz previne a corros\u00e3o, evitando quedas de tens\u00e3o e garantindo um desempenho el\u00e9trico consistente. Al\u00e9m disso, o uso regular deste protetor contribui significativamente para prolongar a vida \u00fatil da bateria, assegurando que ela opere de maneira eficiente e confi\u00e1vel por muito mais tempo.<\/p>\n<p><strong>Caracter\u00edsticas<\/strong><\/p>\n<p>#01 Formador de pel\u00edcula protetora isolante<\/p>\n<p>#02 Produto de alta viscosidade e secagem r\u00e1pida<\/p>\n<p>#03 Evita a queda de tens\u00e3o<\/p>\n<p>#04 N\u00e3o adere a poeiras e fuligens<\/p>\n<p><strong>APLICA\u00c7\u00d5ES<\/strong><\/p>\n<ul>\n<li>Al\u00e9m de poder ser aplicado em polos e terminais de baterias, bornes el\u00e9tricos, nobreaks e geradores, este produto tamb\u00e9m pode ser aplicado em qualquer componente el\u00e9trico e eletr\u00f4nico por n\u00e3o conduzir eletricidade.<\/li>\n<\/ul>\n","protected":false},"featured_media":10052,"template":"","meta":[],"product_cat":[15],"product_tag":[],"class_list":{"0":"post-10051","1":"product","2":"type-product","3":"status-publish","4":"has-post-thumbnail","6":"product_cat-geral","8":"first","9":"instock","10":"shipping-taxable","11":"purchasable","12":"product-type-simple","13":"add-to-wishlist-after_add_to_cart"},"_links":{"self":[{"href":"https:\/\/catalogo.rcddistribuidora.com\/index.php?rest_route=\/wp\/v2\/product\/10051","targetHints":{"allow":["GET"]}}],"collection":[{"href":"https:\/\/catalogo.rcddistribuidora.com\/index.php?rest_route=\/wp\/v2\/product"}],"about":[{"href":"https:\/\/catalogo.rcddistribuidora.com\/index.php?rest_route=\/wp\/v2\/types\/product"}],"wp:featuredmedia":[{"embeddable":true,"href":"https:\/\/catalogo.rcddistribuidora.com\/index.php?rest_route=\/wp\/v2\/media\/10052"}],"wp:attachment":[{"href":"https:\/\/catalogo.rcddistribuidora.com\/index.php?rest_route=%2Fwp%2Fv2%2Fmedia&parent=10051"}],"wp:term":[{"taxonomy":"product_cat","embeddable":true,"href":"https:\/\/catalogo.rcddistribuidora.com\/index.php?rest_route=%2Fwp%2Fv2%2Fproduct_cat&post=10051"},{"taxonomy":"product_tag","embeddable":true,"href":"https:\/\/catalogo.rcddistribuidora.com\/index.php?rest_route=%2Fwp%2Fv2%2Fproduct_tag&post=10051"}],"curies":[{"name":"wp","href":"https:\/\/api.w.org\/{rel}","templated":true}]}}