{"id":10047,"date":"2024-11-18T17:20:57","date_gmt":"2024-11-18T20:20:57","guid":{"rendered":"https:\/\/catalogo.rcddistribuidora.com\/?post_type=product&#038;p=10047"},"modified":"2024-11-19T12:10:13","modified_gmt":"2024-11-19T15:10:13","slug":"limpa-polos-de-baterias","status":"publish","type":"product","link":"https:\/\/catalogo.rcddistribuidora.com\/?product=limpa-polos-de-baterias","title":{"rendered":"LIMPA POLOS DE BATERIAS"},"content":{"rendered":"","protected":false},"excerpt":{"rendered":"<p><strong>REMOVEDOR DE ZINABRE<\/strong><\/p>\n<p>CAR 80 LIMPA POLOS DE BATERIAS foi desenvolvido especialmente para remover sujeiras, fuligens e zinabre, este produto conta com uma f\u00f3rmula exclusiva que proporciona uma limpeza eficiente e abrangente. Sua f\u00f3rmula inovadora gera uma espuma ativa que, al\u00e9m de indicar poss\u00edveis vazamentos de \u00e1cidos, neutraliza a corros\u00e3o de forma eficaz. Isso garante a remo\u00e7\u00e3o completa de todas as impurezas acumuladas, assegurando n\u00e3o apenas a limpeza, mas tamb\u00e9m a longevidade e o desempenho ideal da bateria.<\/p>\n<p><strong>Caracter\u00edsticas<\/strong><\/p>\n<p>#01 Detecta vazamentos<\/p>\n<p>#02 Remove o zinabre e prolonga a vida da bateria<\/p>\n<p>#03 Limpeza r\u00e1pida e segura<\/p>\n<p>#04 Prepara os polos para receber o protetor<\/p>\n<p><strong>APLICA\u00c7\u00d5ES<\/strong><\/p>\n<ul>\n<li>Al\u00e9m de poder ser aplicado em polos de baterias, conectores, parafusos e bandejas de baterias, este produto tamb\u00e9m pode ser aplicado em qualquer componente el\u00e9trico e eletr\u00f4nico pois n\u00e3o conduz eletricidade.<\/li>\n<\/ul>\n","protected":false},"featured_media":10050,"template":"","meta":[],"product_cat":[15],"product_tag":[],"class_list":{"0":"post-10047","1":"product","2":"type-product","3":"status-publish","4":"has-post-thumbnail","6":"product_cat-geral","8":"first","9":"instock","10":"shipping-taxable","11":"purchasable","12":"product-type-simple","13":"add-to-wishlist-after_add_to_cart"},"_links":{"self":[{"href":"https:\/\/catalogo.rcddistribuidora.com\/index.php?rest_route=\/wp\/v2\/product\/10047","targetHints":{"allow":["GET"]}}],"collection":[{"href":"https:\/\/catalogo.rcddistribuidora.com\/index.php?rest_route=\/wp\/v2\/product"}],"about":[{"href":"https:\/\/catalogo.rcddistribuidora.com\/index.php?rest_route=\/wp\/v2\/types\/product"}],"wp:featuredmedia":[{"embeddable":true,"href":"https:\/\/catalogo.rcddistribuidora.com\/index.php?rest_route=\/wp\/v2\/media\/10050"}],"wp:attachment":[{"href":"https:\/\/catalogo.rcddistribuidora.com\/index.php?rest_route=%2Fwp%2Fv2%2Fmedia&parent=10047"}],"wp:term":[{"taxonomy":"product_cat","embeddable":true,"href":"https:\/\/catalogo.rcddistribuidora.com\/index.php?rest_route=%2Fwp%2Fv2%2Fproduct_cat&post=10047"},{"taxonomy":"product_tag","embeddable":true,"href":"https:\/\/catalogo.rcddistribuidora.com\/index.php?rest_route=%2Fwp%2Fv2%2Fproduct_tag&post=10047"}],"curies":[{"name":"wp","href":"https:\/\/api.w.org\/{rel}","templated":true}]}}